{"id":52857,"date":"2023-01-28T13:48:14","date_gmt":"2023-01-28T13:48:14","guid":{"rendered":"https:\/\/c5yix6et.c5.suncomet.fi\/wp-uusi\/?page_id=52857"},"modified":"2024-08-27T19:46:18","modified_gmt":"2024-08-27T16:46:18","slug":"company-uusi-maailma","status":"publish","type":"page","link":"https:\/\/uusimaailma.org\/wp-uusi\/","title":{"rendered":"COMPANY UUSI MAAILMA"},"content":{"rendered":"<div id=\"cs-content\" class=\"cs-content\"><div class=\"x-section e52857-e1 m14s9-0 m14s9-1 m14s9-2\"><div class=\"x-row x-container max width e52857-e2 m14s9-c m14s9-d m14s9-e m14s9-j\"><div class=\"x-row-inner\"><div class=\"x-col e52857-e3 m14s9-s m14s9-t m14s9-u m14s9-v\"><span class=\"x-image e52857-e4 m14s9-10 m14s9-11 m14s9-12\"><img decoding=\"async\" src=\"https:\/\/uusimaailma.org\/wp-uusi\/wp-content\/uploads\/2023\/03\/Rajatila-16-9-scaled.jpg\" width=\"1280\" height=\"720\" alt=\"Image\" loading=\"lazy\"><\/span><blockquote class=\"x-quote e52857-e5 m14s9-15\"><div class=\"x-quote-content\"><div class=\"x-quote-text\"><em>\"Like an animal you have never seen\"<\/em><\/div><\/div><\/blockquote><\/div><\/div><\/div><\/div><div class=\"x-section e52857-e6 m14s9-1 m14s9-3 m14s9-4 m14s9-5\" id=\"esitykset\"><div class=\"x-row x-container max width e52857-e7 m14s9-c m14s9-d m14s9-f m14s9-k m14s9-l\"><div class=\"x-row-inner\"><div class=\"x-col e52857-e8 m14s9-s m14s9-u\"><div class=\"x-text x-text-headline e52857-e9 m14s9-16 m14s9-17 m14s9-18 m14s9-19 m14s9-1a m14s9-1b\"><div class=\"x-text-content\"><div class=\"x-text-content-text\"><h4 class=\"x-text-content-text-primary\">TEOKSET<\/h4><\/div><\/div><\/div><div class=\"x-row e52857-e10 m14s9-c m14s9-g m14s9-h m14s9-m\"><div class=\"x-row-inner\"><a class=\"x-col e52857-e11 m14s9-s m14s9-u m14s9-v m14s9-w m14s9-x\" href=\"https:\/\/uusimaailma.org\/wp-uusi\/disko-ja-kuolema\/\"><article class=\"x-div e52857-e12 m14s9-1h m14s9-1i m14s9-1j m14s9-1k m14s9-1l m14s9-8 gradientbg\"><div class=\"x-text x-text-headline e52857-e13 m14s9-17 m14s9-19 m14s9-1a m14s9-1c m14s9-1d\"><div class=\"x-text-content\"><div class=\"x-text-content-text\"><h4 class=\"x-text-content-text-primary\">DISKO JA KUOLEMA<\/h4><\/div><\/div><\/div><figure class=\"x-div e52857-e14 m14s9-1j m14s9-1k m14s9-1l m14s9-1m m14s9-1n m14s9-8\"><span class=\"x-image e52857-e15 m14s9-10 m14s9-11 m14s9-13\"><img decoding=\"async\" src=\"https:\/\/uusimaailma.org\/wp-uusi\/wp-content\/uploads\/2024\/08\/diskojakuolema_nettisivu_kuva_ilman-teksteja_Kuvaaja-Nelli-Kiviluoma-scaled.jpg\" width=\"1280\" height=\"720\" alt=\"Featured image for \u201cDISKO JA KUOLEMA\u201d\" loading=\"lazy\"><\/span><\/figure><\/article><\/a><a class=\"x-col e52857-e11 m14s9-s m14s9-u m14s9-v m14s9-w m14s9-x\" href=\"https:\/\/uusimaailma.org\/wp-uusi\/hole\/\"><article class=\"x-div e52857-e12 m14s9-1h m14s9-1i m14s9-1j m14s9-1k m14s9-1l m14s9-8 gradientbg\"><div class=\"x-text x-text-headline e52857-e13 m14s9-17 m14s9-19 m14s9-1a m14s9-1c m14s9-1d\"><div class=\"x-text-content\"><div class=\"x-text-content-text\"><h4 class=\"x-text-content-text-primary\">HOLE<\/h4><\/div><\/div><\/div><figure class=\"x-div e52857-e14 m14s9-1j m14s9-1k m14s9-1l m14s9-1m m14s9-1n m14s9-8\"><span class=\"x-image e52857-e15 m14s9-10 m14s9-11 m14s9-13\"><img decoding=\"async\" src=\"https:\/\/uusimaailma.org\/wp-uusi\/wp-content\/uploads\/2023\/03\/Hole_sarja_kaikista-19-scaled.jpg\" width=\"1280\" height=\"853\" alt=\"Featured image for \u201cHOLE\u201d\" loading=\"lazy\"><\/span><\/figure><\/article><\/a><a class=\"x-col e52857-e11 m14s9-s m14s9-u m14s9-v m14s9-w m14s9-x\" href=\"https:\/\/uusimaailma.org\/wp-uusi\/suo-soikoon\/\"><article class=\"x-div e52857-e12 m14s9-1h m14s9-1i m14s9-1j m14s9-1k m14s9-1l m14s9-8 gradientbg\"><div class=\"x-text x-text-headline e52857-e13 m14s9-17 m14s9-19 m14s9-1a m14s9-1c m14s9-1d\"><div class=\"x-text-content\"><div class=\"x-text-content-text\"><h4 class=\"x-text-content-text-primary\">SUO<\/h4><\/div><\/div><\/div><figure class=\"x-div e52857-e14 m14s9-1j m14s9-1k m14s9-1l m14s9-1m m14s9-1n m14s9-8\"><span class=\"x-image e52857-e15 m14s9-10 m14s9-11 m14s9-13\"><img decoding=\"async\" src=\"https:\/\/uusimaailma.org\/wp-uusi\/wp-content\/uploads\/2022\/08\/CUM_Suo-2_2022_Kuva-Rosaliina-Elgland_Kuvassa-Jarkko-Happonen.jpg\" width=\"1024\" height=\"682\" alt=\"Featured image for \u201cSUO\u201d\" loading=\"lazy\"><\/span><\/figure><\/article><\/a><a class=\"x-col e52857-e11 m14s9-s m14s9-u m14s9-v m14s9-w m14s9-x\" href=\"https:\/\/uusimaailma.org\/wp-uusi\/kytkin\/\"><article class=\"x-div e52857-e12 m14s9-1h m14s9-1i m14s9-1j m14s9-1k m14s9-1l m14s9-8 gradientbg\"><div class=\"x-text x-text-headline e52857-e13 m14s9-17 m14s9-19 m14s9-1a m14s9-1c m14s9-1d\"><div class=\"x-text-content\"><div class=\"x-text-content-text\"><h4 class=\"x-text-content-text-primary\">KYTKIN<\/h4><\/div><\/div><\/div><figure class=\"x-div e52857-e14 m14s9-1j m14s9-1k m14s9-1l m14s9-1m m14s9-1n m14s9-8\"><span class=\"x-image e52857-e15 m14s9-10 m14s9-11 m14s9-13\"><img decoding=\"async\" src=\"https:\/\/uusimaailma.org\/wp-uusi\/wp-content\/uploads\/2023\/03\/CUM_Kytkin_small-7.jpg\" width=\"1050\" height=\"750\" alt=\"Featured image for \u201cKYTKIN\u201d\" loading=\"lazy\"><\/span><\/figure><\/article><\/a><a class=\"x-col e52857-e11 m14s9-s m14s9-u m14s9-v m14s9-w m14s9-x\" href=\"https:\/\/uusimaailma.org\/wp-uusi\/hazmat-hole\/\"><article class=\"x-div e52857-e12 m14s9-1h m14s9-1i m14s9-1j m14s9-1k m14s9-1l m14s9-8 gradientbg\"><div class=\"x-text x-text-headline e52857-e13 m14s9-17 m14s9-19 m14s9-1a m14s9-1c m14s9-1d\"><div class=\"x-text-content\"><div class=\"x-text-content-text\"><h4 class=\"x-text-content-text-primary\">HAZMAT HOLE<\/h4><\/div><\/div><\/div><figure class=\"x-div e52857-e14 m14s9-1j m14s9-1k m14s9-1l m14s9-1m m14s9-1n m14s9-8\"><span class=\"x-image e52857-e15 m14s9-10 m14s9-11 m14s9-13\"><img decoding=\"async\" src=\"https:\/\/uusimaailma.org\/wp-uusi\/wp-content\/uploads\/2021\/02\/Company-Uusi-Maailma_Hazmat-Hole_10_small_kuvaaja-Rosaliina-Elgland.jpg\" width=\"750\" height=\"535\" alt=\"Featured image for \u201cHAZMAT HOLE\u201d\" loading=\"lazy\"><\/span><\/figure><\/article><\/a><a class=\"x-col e52857-e11 m14s9-s m14s9-u m14s9-v m14s9-w m14s9-x\" href=\"https:\/\/uusimaailma.org\/wp-uusi\/cumiversity\/\"><article class=\"x-div e52857-e12 m14s9-1h m14s9-1i m14s9-1j m14s9-1k m14s9-1l m14s9-8 gradientbg\"><div class=\"x-text x-text-headline e52857-e13 m14s9-17 m14s9-19 m14s9-1a m14s9-1c m14s9-1d\"><div class=\"x-text-content\"><div class=\"x-text-content-text\"><h4 class=\"x-text-content-text-primary\">CUMIVERSITY<\/h4><\/div><\/div><\/div><figure class=\"x-div e52857-e14 m14s9-1j m14s9-1k m14s9-1l m14s9-1m m14s9-1n m14s9-8\"><span class=\"x-image e52857-e15 m14s9-10 m14s9-11 m14s9-13\"><img decoding=\"async\" src=\"https:\/\/uusimaailma.org\/wp-uusi\/wp-content\/uploads\/2023\/03\/Cumiversity_c_Elgland_Rosaliina-3.jpg\" width=\"1050\" height=\"750\" alt=\"Featured image for \u201cCUMIVERSITY\u201d\" loading=\"lazy\"><\/span><\/figure><\/article><\/a><a class=\"x-col e52857-e11 m14s9-s m14s9-u m14s9-v m14s9-w m14s9-x\" href=\"https:\/\/uusimaailma.org\/wp-uusi\/krypta\/\"><article class=\"x-div e52857-e12 m14s9-1h m14s9-1i m14s9-1j m14s9-1k m14s9-1l m14s9-8 gradientbg\"><div class=\"x-text x-text-headline e52857-e13 m14s9-17 m14s9-19 m14s9-1a m14s9-1c m14s9-1d\"><div class=\"x-text-content\"><div class=\"x-text-content-text\"><h4 class=\"x-text-content-text-primary\">KRYPTA<\/h4><\/div><\/div><\/div><figure class=\"x-div e52857-e14 m14s9-1j m14s9-1k m14s9-1l m14s9-1m m14s9-1n m14s9-8\"><span class=\"x-image e52857-e15 m14s9-10 m14s9-11 m14s9-13\"><img decoding=\"async\" src=\"https:\/\/uusimaailma.org\/wp-uusi\/wp-content\/uploads\/2019\/05\/Company-Uusi-Maailma_Krypta_4_Kuvassa-Henri-Hiltunen_Kuvaaja-Olli-Pekka-TennilaRESIZE-scaled.jpg\" width=\"1280\" height=\"853\" alt=\"Featured image for \u201cKRYPTA\u201d\" loading=\"lazy\"><\/span><\/figure><\/article><\/a><a class=\"x-col e52857-e11 m14s9-s m14s9-u m14s9-v m14s9-w m14s9-x\" href=\"https:\/\/uusimaailma.org\/wp-uusi\/cum-boys-4\/\"><article class=\"x-div e52857-e12 m14s9-1h m14s9-1i m14s9-1j m14s9-1k m14s9-1l m14s9-8 gradientbg\"><div class=\"x-text x-text-headline e52857-e13 m14s9-17 m14s9-19 m14s9-1a m14s9-1c m14s9-1d\"><div class=\"x-text-content\"><div class=\"x-text-content-text\"><h4 class=\"x-text-content-text-primary\">CUM BOYS<\/h4><\/div><\/div><\/div><figure class=\"x-div e52857-e14 m14s9-1j m14s9-1k m14s9-1l m14s9-1m m14s9-1n m14s9-8\"><span class=\"x-image e52857-e15 m14s9-10 m14s9-11 m14s9-13\"><img decoding=\"async\" src=\"https:\/\/uusimaailma.org\/wp-uusi\/wp-content\/uploads\/2017\/04\/CUM-BOYS_Promo_4b_KuvaJukkaKaikkonen-scaled.jpg\" width=\"1280\" height=\"1004\" alt=\"Featured image for \u201cCUM BOYS\u201d\" loading=\"lazy\"><\/span><\/figure><\/article><\/a><a class=\"x-col e52857-e11 m14s9-s m14s9-u m14s9-v m14s9-w m14s9-x\" href=\"https:\/\/uusimaailma.org\/wp-uusi\/ultra-2\/\"><article class=\"x-div e52857-e12 m14s9-1h m14s9-1i m14s9-1j m14s9-1k m14s9-1l m14s9-8 gradientbg\"><div class=\"x-text x-text-headline e52857-e13 m14s9-17 m14s9-19 m14s9-1a m14s9-1c m14s9-1d\"><div class=\"x-text-content\"><div class=\"x-text-content-text\"><h4 class=\"x-text-content-text-primary\">ULTRA<\/h4><\/div><\/div><\/div><figure class=\"x-div e52857-e14 m14s9-1j m14s9-1k m14s9-1l m14s9-1m m14s9-1n m14s9-8\"><span class=\"x-image e52857-e15 m14s9-10 m14s9-11 m14s9-13\"><img decoding=\"async\" src=\"https:\/\/uusimaailma.org\/wp-uusi\/wp-content\/uploads\/2018\/03\/CompanyUusiMaailma_ULTRA_13_photoRosaliinaElglandPieni-1-scaled.jpg\" width=\"1280\" height=\"914\" alt=\"Featured image for \u201cULTRA\u201d\" loading=\"lazy\"><\/span><\/figure><\/article><\/a><a class=\"x-col e52857-e11 m14s9-s m14s9-u m14s9-v m14s9-w m14s9-x\" href=\"https:\/\/uusimaailma.org\/wp-uusi\/maailma-x\/\"><article class=\"x-div e52857-e12 m14s9-1h m14s9-1i m14s9-1j m14s9-1k m14s9-1l m14s9-8 gradientbg\"><div class=\"x-text x-text-headline e52857-e13 m14s9-17 m14s9-19 m14s9-1a m14s9-1c m14s9-1d\"><div class=\"x-text-content\"><div class=\"x-text-content-text\"><h4 class=\"x-text-content-text-primary\">MAAILMA X<\/h4><\/div><\/div><\/div><figure class=\"x-div e52857-e14 m14s9-1j m14s9-1k m14s9-1l m14s9-1m m14s9-1n m14s9-8\"><span class=\"x-image e52857-e15 m14s9-10 m14s9-11 m14s9-13\"><img decoding=\"async\" src=\"https:\/\/uusimaailma.org\/wp-uusi\/wp-content\/uploads\/2015\/04\/maailma_x_mediakuva1-scaled.jpg\" width=\"1280\" height=\"853\" alt=\"Featured image for \u201cMAAILMA X\u201d\" loading=\"lazy\"><\/span><\/figure><\/article><\/a><a class=\"x-col e52857-e11 m14s9-s m14s9-u m14s9-v m14s9-w m14s9-x\" href=\"https:\/\/uusimaailma.org\/wp-uusi\/rajatila\/\"><article class=\"x-div e52857-e12 m14s9-1h m14s9-1i m14s9-1j m14s9-1k m14s9-1l m14s9-8 gradientbg\"><div class=\"x-text x-text-headline e52857-e13 m14s9-17 m14s9-19 m14s9-1a m14s9-1c m14s9-1d\"><div class=\"x-text-content\"><div class=\"x-text-content-text\"><h4 class=\"x-text-content-text-primary\">RAJATILA<\/h4><\/div><\/div><\/div><figure class=\"x-div e52857-e14 m14s9-1j m14s9-1k m14s9-1l m14s9-1m m14s9-1n m14s9-8\"><span class=\"x-image e52857-e15 m14s9-10 m14s9-11 m14s9-13\"><img decoding=\"async\" src=\"https:\/\/uusimaailma.org\/wp-uusi\/wp-content\/uploads\/2013\/12\/rajat_galleria8.jpg\" width=\"750\" height=\"500\" alt=\"Featured image for \u201cRAJATILA\u201d\" loading=\"lazy\"><\/span><\/figure><\/article><\/a><a class=\"x-col e52857-e11 m14s9-s m14s9-u m14s9-v m14s9-w m14s9-x\" href=\"https:\/\/uusimaailma.org\/wp-uusi\/kerrostalo\/\"><article class=\"x-div e52857-e12 m14s9-1h m14s9-1i m14s9-1j m14s9-1k m14s9-1l m14s9-8 gradientbg\"><div class=\"x-text x-text-headline e52857-e13 m14s9-17 m14s9-19 m14s9-1a m14s9-1c m14s9-1d\"><div class=\"x-text-content\"><div class=\"x-text-content-text\"><h4 class=\"x-text-content-text-primary\">KERROSTALO<\/h4><\/div><\/div><\/div><figure class=\"x-div e52857-e14 m14s9-1j m14s9-1k m14s9-1l m14s9-1m m14s9-1n m14s9-8\"><span class=\"x-image e52857-e15 m14s9-10 m14s9-11 m14s9-13\"><img decoding=\"async\" src=\"https:\/\/uusimaailma.org\/wp-uusi\/wp-content\/uploads\/2013\/12\/KTalo_galleria1.jpg\" width=\"750\" height=\"500\" alt=\"Featured image for \u201cKERROSTALO\u201d\" loading=\"lazy\"><\/span><\/figure><\/article><\/a><a class=\"x-col e52857-e11 m14s9-s m14s9-u m14s9-v m14s9-w m14s9-x\" href=\"https:\/\/uusimaailma.org\/wp-uusi\/globally-wanted\/\"><article class=\"x-div e52857-e12 m14s9-1h m14s9-1i m14s9-1j m14s9-1k m14s9-1l m14s9-8 gradientbg\"><div class=\"x-text x-text-headline e52857-e13 m14s9-17 m14s9-19 m14s9-1a m14s9-1c m14s9-1d\"><div class=\"x-text-content\"><div class=\"x-text-content-text\"><h4 class=\"x-text-content-text-primary\">GLOBALLY WANTED<\/h4><\/div><\/div><\/div><figure class=\"x-div e52857-e14 m14s9-1j m14s9-1k m14s9-1l m14s9-1m m14s9-1n m14s9-8\"><span class=\"x-image e52857-e15 m14s9-10 m14s9-11 m14s9-13\"><img decoding=\"async\" src=\"https:\/\/uusimaailma.org\/wp-uusi\/wp-content\/uploads\/2017\/10\/CUM_GloballyWanted_PhotoReneLimbecker_kuvassaKaisaPesonenJaSamiKeinanen_vaaka.jpg\" width=\"989\" height=\"659\" alt=\"Featured image for \u201cGLOBALLY WANTED\u201d\" loading=\"lazy\"><\/span><\/figure><\/article><\/a><a class=\"x-col e52857-e11 m14s9-s m14s9-u m14s9-v m14s9-w m14s9-x\" href=\"https:\/\/uusimaailma.org\/wp-uusi\/naapuri-2\/\"><article class=\"x-div e52857-e12 m14s9-1h m14s9-1i m14s9-1j m14s9-1k m14s9-1l m14s9-8 gradientbg\"><div class=\"x-text x-text-headline e52857-e13 m14s9-17 m14s9-19 m14s9-1a m14s9-1c m14s9-1d\"><div class=\"x-text-content\"><div class=\"x-text-content-text\"><h4 class=\"x-text-content-text-primary\">NAAPURI<\/h4><\/div><\/div><\/div><figure class=\"x-div e52857-e14 m14s9-1j m14s9-1k m14s9-1l m14s9-1m m14s9-1n m14s9-8\"><span class=\"x-image e52857-e15 m14s9-10 m14s9-11 m14s9-13\"><img decoding=\"async\" src=\"https:\/\/uusimaailma.org\/wp-uusi\/wp-content\/uploads\/2023\/03\/neighbour_12073540885_CROP.jpg\" width=\"1243\" height=\"888\" alt=\"Featured image for \u201cNAAPURI\u201d\" loading=\"lazy\"><\/span><\/figure><\/article><\/a><a class=\"x-col e52857-e11 m14s9-s m14s9-u m14s9-v m14s9-w m14s9-x\" href=\"https:\/\/uusimaailma.org\/wp-uusi\/bass-n-pole-2\/\"><article class=\"x-div e52857-e12 m14s9-1h m14s9-1i m14s9-1j m14s9-1k m14s9-1l m14s9-8 gradientbg\"><div class=\"x-text x-text-headline e52857-e13 m14s9-17 m14s9-19 m14s9-1a m14s9-1c m14s9-1d\"><div class=\"x-text-content\"><div class=\"x-text-content-text\"><h4 class=\"x-text-content-text-primary\">BASS &#038; POLE<\/h4><\/div><\/div><\/div><figure class=\"x-div e52857-e14 m14s9-1j m14s9-1k m14s9-1l m14s9-1m m14s9-1n m14s9-8\"><span class=\"x-image e52857-e15 m14s9-10 m14s9-11 m14s9-13\"><img decoding=\"async\" src=\"https:\/\/uusimaailma.org\/wp-uusi\/wp-content\/uploads\/2021\/01\/basspole_galleria2.jpg\" width=\"1216\" height=\"803\" alt=\"Featured image for \u201cBASS &#038; POLE\u201d\" loading=\"lazy\"><\/span><\/figure><\/article><\/a><a class=\"x-col e52857-e11 m14s9-s m14s9-u m14s9-v m14s9-w m14s9-x\" href=\"https:\/\/uusimaailma.org\/wp-uusi\/seuraava-maailma-2\/\"><article class=\"x-div e52857-e12 m14s9-1h m14s9-1i m14s9-1j m14s9-1k m14s9-1l m14s9-8 gradientbg\"><div class=\"x-text x-text-headline e52857-e13 m14s9-17 m14s9-19 m14s9-1a m14s9-1c m14s9-1d\"><div class=\"x-text-content\"><div class=\"x-text-content-text\"><h4 class=\"x-text-content-text-primary\">SEURAAVA MAAILMA<\/h4><\/div><\/div><\/div><figure class=\"x-div e52857-e14 m14s9-1j m14s9-1k m14s9-1l m14s9-1m m14s9-1n m14s9-8\"><span class=\"x-image e52857-e15 m14s9-10 m14s9-11 m14s9-13\"><img decoding=\"async\" src=\"https:\/\/uusimaailma.org\/wp-uusi\/wp-content\/uploads\/2023\/03\/Pikkukuva_Jarmo_Lahtinen_Seuraava_Maailma_6._CROP_png.jpg\" width=\"1007\" height=\"719\" alt=\"Featured image for \u201cSEURAAVA MAAILMA\u201d\" loading=\"lazy\"><\/span><\/figure><\/article><\/a><a class=\"x-col e52857-e11 m14s9-s m14s9-u m14s9-v m14s9-w m14s9-x\" href=\"https:\/\/uusimaailma.org\/wp-uusi\/a-retrospective-world\/\"><article class=\"x-div e52857-e12 m14s9-1h m14s9-1i m14s9-1j m14s9-1k m14s9-1l m14s9-8 gradientbg\"><div class=\"x-text x-text-headline e52857-e13 m14s9-17 m14s9-19 m14s9-1a m14s9-1c m14s9-1d\"><div class=\"x-text-content\"><div class=\"x-text-content-text\"><h4 class=\"x-text-content-text-primary\">A RETROSPECTIVE WORLD<\/h4><\/div><\/div><\/div><figure class=\"x-div e52857-e14 m14s9-1j m14s9-1k m14s9-1l m14s9-1m m14s9-1n m14s9-8\"><span class=\"x-image e52857-e15 m14s9-10 m14s9-11 m14s9-13\"><img decoding=\"async\" src=\"https:\/\/uusimaailma.org\/wp-uusi\/wp-content\/uploads\/2021\/01\/aretrospectiveworld_galleria3.jpg\" width=\"1126\" height=\"845\" alt=\"Featured image for \u201cA RETROSPECTIVE WORLD\u201d\" loading=\"lazy\"><\/span><\/figure><\/article><\/a><\/div><\/div><\/div><\/div><\/div><\/div><div class=\"x-section e52857-e16 m14s9-1 m14s9-2 m14s9-3 m14s9-6\"><div class=\"x-row x-container max width e52857-e17 m14s9-c m14s9-d m14s9-f m14s9-k m14s9-n\"><div class=\"x-row-inner\"><div class=\"x-col e52857-e18 m14s9-s m14s9-u\"><span class=\"x-image e52857-e19 m14s9-10 m14s9-14\"><img decoding=\"async\" src=\"https:\/\/uusimaailma.org\/wp-uusi\/wp-content\/uploads\/2021\/02\/Company-Uusi-Maailma_Hazmat-Hole_11_small_kuvassa-Saga-Elgland_kuvaaja-Rosaliina-Elgland.jpg\" width=\"1500\" height=\"1071\" alt=\"Kuvaaja, photographer: Rosaliina Elgland. Esiintyj\u00e4, performer: Saga Elgland\" loading=\"lazy\"><\/span><\/div><\/div><\/div><div class=\"x-row x-container max width e52857-e20 m14s9-c m14s9-d m14s9-f m14s9-k m14s9-o\"><div class=\"x-row-inner\"><div class=\"x-col e52857-e21 m14s9-s m14s9-u m14s9-y\"><div class=\"x-text x-content e52857-e22 m14s9-1q m14s9-1r m14s9-1s m14s9-1t\"><p>Company Uusi Maailma on oma planeettansa esitt\u00e4vien taiteiden avaruudessa. Ryhm\u00e4n moottorina on sen tekij\u00f6iden poikkitaiteellinen eri genrejen fuusioita kaihtamaton sek\u00e4 niit\u00e4 hyv\u00e4ksik\u00e4ytt\u00e4v\u00e4 monimuotoisuus, joka on otettavissa vastaan katsojaa vaalivana kokemuksena niin vaativalle katsojalle kuin kulttuurin uteliaalle kuluttajalle. <em>Kun osaa ymm\u00e4rt\u00e4\u00e4 laittaa j\u00e4rjen sivuun, on kokemus voimakas, l\u00e4mmin ja l\u00e4htem\u00e4t\u00f6n.<\/em><\/p>\n<p>Company Uusi Maailma on keskisuomalainen monitaiteista esitt\u00e4v\u00e4\u00e4 taidetta tuottava ryhma\u0308. Se on tunnettu taiteenaloja yhteen tuovista esityskonsepteistaan seka\u0308 tilasidonnaisen taiteen tekemisesta\u0308. Ryhm\u00e4n tapa olla ja tehd\u00e4 on vahvan visuaalinen, fyysinen ja usein sanaton. Sen taiteellinen tyo\u0308skentely on kollektiivista ja sen tuotoksena syntyy oma estetiikka, uusi maailma.<\/p>\n<p>\u00a0<a class=\"readmorelink\" href=\"https:\/\/uusimaailma.org\/wp-uusi\/ryhma\/\">Tutustu ryhm\u00e4\u00e4n \u2192<\/a><\/p><\/div><\/div><\/div><\/div><\/div><div class=\"x-section e52857-e23 m14s9-1 m14s9-3 m14s9-5 m14s9-7\"><div class=\"x-text x-text-headline e52857-e24 m14s9-17 m14s9-18 m14s9-1a m14s9-1b m14s9-1e m14s9-1f\"><div class=\"x-text-content\"><div class=\"x-text-content-text\"><h4 class=\"x-text-content-text-primary\">UUTISET<\/h4><\/div><\/div><\/div><div class=\"x-row x-container max width e52857-e25 m14s9-c m14s9-d m14s9-f m14s9-k m14s9-p\"><div class=\"x-row-inner\"><div class=\"x-col e52857-e26 m14s9-s m14s9-u\"><div class=\"x-row e52857-e27 m14s9-c m14s9-h m14s9-i m14s9-q\"><div class=\"x-row-inner\"><a class=\"x-col e52857-e28 m14s9-s m14s9-w m14s9-z m14s9-9 m14s9-a\" href=\"https:\/\/uusimaailma.org\/wp-uusi\/company-uusi-maailman-varastomyynti-vol-3\/\" data-x-effect-provider=\"colors particles effects\"><div class=\"x-row e52857-e29 m14s9-c m14s9-d m14s9-f m14s9-k m14s9-r\"><div class=\"x-row-inner\"><div class=\"x-col e52857-e30 m14s9-s m14s9-u\"><figure class=\"x-div e52857-e31 m14s9-1j m14s9-1l m14s9-1n m14s9-1o\"><span class=\"x-image e52857-e32 m14s9-10 m14s9-11 m14s9-13\"><img decoding=\"async\" src=\"https:\/\/uusimaailma.org\/wp-uusi\/wp-content\/uploads\/2023\/03\/CUM_Kytkin_small-2-16-9.jpg\" width=\"1124\" height=\"633\" alt=\"Featured image for \u201cCompany Uusi Maailman varastomyynti vol. 3\u201d\" loading=\"lazy\"><\/span><\/figure><\/div><div class=\"x-col e52857-e33 m14s9-s m14s9-u\"><article class=\"x-div e52857-e34 m14s9-1h m14s9-1k m14s9-1l m14s9-1n m14s9-1p\"><div class=\"x-text x-text-headline e52857-e35 m14s9-17 m14s9-1b m14s9-1d m14s9-1f m14s9-1g m14s9-9 m14s9-b\"><div class=\"x-text-content\"><div class=\"x-text-content-text\"><h2 class=\"x-text-content-text-primary\">Company Uusi Maailman varastomyynti vol. 3<\/h2><\/div><\/div><\/div><div class=\"x-text x-content e52857-e36 m14s9-1r m14s9-1s m14s9-1u m14s9-1v\">Aika: MA 18.8 ja TI 19.8. klo 16-19 Paikka: Company Uusi Maailman\u2026<\/div><\/article><\/div><\/div><\/div><\/a><a class=\"x-col e52857-e28 m14s9-s m14s9-w m14s9-z m14s9-9 m14s9-a\" href=\"https:\/\/uusimaailma.org\/wp-uusi\/company-uusi-maailman-varastomyynti-vol-2\/\" data-x-effect-provider=\"colors particles effects\"><div class=\"x-row e52857-e29 m14s9-c m14s9-d m14s9-f m14s9-k m14s9-r\"><div class=\"x-row-inner\"><div class=\"x-col e52857-e30 m14s9-s m14s9-u\"><figure class=\"x-div e52857-e31 m14s9-1j m14s9-1l m14s9-1n m14s9-1o\"><span class=\"x-image e52857-e32 m14s9-10 m14s9-11 m14s9-13\"><img decoding=\"async\" src=\"https:\/\/uusimaailma.org\/wp-uusi\/wp-content\/uploads\/2023\/03\/CUM_Kytkin_small-2.jpg\" width=\"1050\" height=\"750\" alt=\"Featured image for \u201cCompany Uusi Maailman varastomyynti vol. 2\u201d\" loading=\"lazy\"><\/span><\/figure><\/div><div class=\"x-col e52857-e33 m14s9-s m14s9-u\"><article class=\"x-div e52857-e34 m14s9-1h m14s9-1k m14s9-1l m14s9-1n m14s9-1p\"><div class=\"x-text x-text-headline e52857-e35 m14s9-17 m14s9-1b m14s9-1d m14s9-1f m14s9-1g m14s9-9 m14s9-b\"><div class=\"x-text-content\"><div class=\"x-text-content-text\"><h2 class=\"x-text-content-text-primary\">Company Uusi Maailman varastomyynti vol. 2<\/h2><\/div><\/div><\/div><div class=\"x-text x-content e52857-e36 m14s9-1r m14s9-1s m14s9-1u m14s9-1v\">Aika: TI 22.7. klo 16-19 &amp; KE 23.7. klo 15-18. Paikka: Company\u2026<\/div><\/article><\/div><\/div><\/div><\/a><\/div><\/div><div class=\"x-text x-content e52857-e37 m14s9-1r m14s9-1t m14s9-1v m14s9-1w\"><a href=\"https:\/\/uusimaailma.org\/wp-uusi\/uutiset\/\" data-wplink-edit=\"true\">LIS\u00c4\u00c4 UUTISIA \u2192<\/a><\/div><\/div><\/div><\/div><\/div><\/div>\n","protected":false},"excerpt":{"rendered":"<p>&#8221;Like an animal you have never seen&#8221;TEOKSETDISKO JA KUOLEMAHOLESUOKYTKINHAZMAT HOLECUMIVERSITYKRYPTACUM BOYSULTRAMAAILMA XRAJATILAKERROSTALOGLOBALLY WANTEDNAAPURIBASS &#038; POLESEURAAVA MAAILMAA RETROSPECTIVE WORLDCompany Uusi Maailma on oma planeettansa esitt\u00e4vien taiteiden avaruudessa. Ryhm\u00e4n moottorina on sen tekij\u00f6iden poikkitaiteellinen eri genrejen fuusioita kaihtamaton sek\u00e4 niit\u00e4 hyv\u00e4ksik\u00e4ytt\u00e4v\u00e4 monimuotoisuus, joka on otettavissa vastaan katsojaa vaalivana kokemuksena niin vaativalle katsojalle kuin kulttuurin uteliaalle kuluttajalle. Kun osaa ymm\u00e4rt\u00e4\u00e4 laittaa j\u00e4rjen sivuun, &#8230;<\/p>\n","protected":false},"author":3,"featured_media":0,"parent":0,"menu_order":0,"comment_status":"closed","ping_status":"closed","template":"","meta":{"_acf_changed":false,"footnotes":""},"class_list":["post-52857","page","type-page","status-publish","hentry","no-post-thumbnail"],"acf":[],"_links":{"self":[{"href":"https:\/\/uusimaailma.org\/wp-uusi\/wp-json\/wp\/v2\/pages\/52857","targetHints":{"allow":["GET"]}}],"collection":[{"href":"https:\/\/uusimaailma.org\/wp-uusi\/wp-json\/wp\/v2\/pages"}],"about":[{"href":"https:\/\/uusimaailma.org\/wp-uusi\/wp-json\/wp\/v2\/types\/page"}],"author":[{"embeddable":true,"href":"https:\/\/uusimaailma.org\/wp-uusi\/wp-json\/wp\/v2\/users\/3"}],"replies":[{"embeddable":true,"href":"https:\/\/uusimaailma.org\/wp-uusi\/wp-json\/wp\/v2\/comments?post=52857"}],"version-history":[{"count":47,"href":"https:\/\/uusimaailma.org\/wp-uusi\/wp-json\/wp\/v2\/pages\/52857\/revisions"}],"predecessor-version":[{"id":62745,"href":"https:\/\/uusimaailma.org\/wp-uusi\/wp-json\/wp\/v2\/pages\/52857\/revisions\/62745"}],"wp:attachment":[{"href":"https:\/\/uusimaailma.org\/wp-uusi\/wp-json\/wp\/v2\/media?parent=52857"}],"curies":[{"name":"wp","href":"https:\/\/api.w.org\/{rel}","templated":true}]}}