{"id":52834,"date":"2023-01-28T13:38:07","date_gmt":"2023-01-28T13:38:07","guid":{"rendered":"https:\/\/c5yix6et.c5.suncomet.fi\/wp-uusi\/?page_id=52834"},"modified":"2024-10-02T21:27:22","modified_gmt":"2024-10-02T18:27:22","slug":"yhteys","status":"publish","type":"page","link":"https:\/\/uusimaailma.org\/wp-uusi\/yhteys\/","title":{"rendered":"Yhteystiedot"},"content":{"rendered":"<div id=\"cs-content\" class=\"cs-content\"><div class=\"x-section e52834-e1 m14rm-0 m14rm-1 m14rm-2\"><div class=\"x-row x-container max width e52834-e2 m14rm-5 m14rm-6 m14rm-b m14rm-c\"><div class=\"x-row-inner\"><div class=\"x-col e52834-e3 m14rm-o\"><span class=\"x-image e52834-e4 m14rm-p m14rm-q m14rm-r\"><img decoding=\"async\" src=\"https:\/\/uusimaailma.org\/wp-uusi\/wp-content\/uploads\/2023\/03\/ULTRA_11_small_16-9-scaled.jpg\" width=\"1280\" height=\"720\" alt=\"Image\" loading=\"lazy\"><\/span><\/div><\/div><\/div><\/div><div class=\"x-section e52834-e5 m14rm-0 m14rm-3 m14rm-4\"><div class=\"x-row x-container max width e52834-e6 m14rm-5 m14rm-6 m14rm-b m14rm-d\"><div class=\"x-row-inner\"><div class=\"x-col e52834-e7 m14rm-o\"><div class=\"x-text x-content e52834-e8 m14rm-v m14rm-w m14rm-x\"><h4>HENKIL&Ouml;KUNTA<\/h4>\n<h6>TAITEELLINEN JOHTAJA<\/h6>\n<p>Seija Hakkarainen<br \/>seija@uusimaailma.org<br \/>+358 50 562 0476<\/p>\n<h6>TIEDOTTAJA<\/h6>\n<p>company@uusimaailma.org<\/p>\n<h6>TALOUDENHOITAJA<\/h6>\n<p>Eero Virtanen<br \/>eero@uusimaailma.org<\/p><\/div><hr class=\"x-line e52834-e9 m14rm-11\"><\/hr><\/div><div class=\"x-col e52834-e10 m14rm-o\"><div class=\"x-text x-content e52834-e11 m14rm-v m14rm-w m14rm-x\"><h4>Hallitus 2023<\/h4>\n<p>Puheenjohtaja: Seija Hakkarainen<\/p>\n<p>J\u00e4senet: <br \/>\nJuha Kuuraj\u00e4rvi<br \/>\nEero Virtanen<br \/>\nRiikka Heiskanen<\/p>\n\n<h5>Tue ryhm\u00e4n toimintaa liittym\u00e4ll\u00e4 j\u00e4seneksi!<\/h5>\n<p>J\u00e4senmaksu on 25 \u20ac ty\u00f6ss\u00e4k\u00e4yville ja 15 \u20ac opiskelijoille, el\u00e4kel\u00e4isille, ty\u00f6tt\u00f6mille, varushenkil\u00f6ille sek\u00e4 siviilipalvelushenkil\u00f6ille. Voit tukea toimintaamme my\u00f6s liittym\u00e4ll\u00e4 kannatusj\u00e4seneksi, jolloin j\u00e4senmaksun suuruus on 50 \u20ac.<\/p>\n<p>J\u00e4seneksi liityt maksamalla j\u00e4senmaksun tilille <span>FI04 5290 0220 2416 14<\/span>. Kirjoita maksun viestikentt\u00e4\u00e4n etu- ja sukunimesi, asuinpaikkakunta ja s\u00e4hk\u00f6postiosoitteesi.<\/p>\n\n<h5 style=\"font-weight: 400;\">LASKUTUSTIEDOT<\/h5>\n<p style=\"font-weight: 400;\">Sirkus- ja monitaideyhdistys Company Uusi Maailma ry<br \/>\nY-tunnus: 2148304-8<br \/>\nNousukatu 7 A 24,\u00a040700 JYV\u00c4SKYL\u00c4<br \/>\nEero Virtanen<\/p><\/div><\/div><\/div><\/div><div class=\"x-row x-container max width e52834-e12 m14rm-5 m14rm-6 m14rm-b m14rm-e\"><div class=\"x-row-inner\"><div class=\"x-col e52834-e13 m14rm-o\"><\/div><div class=\"x-col e52834-e14 m14rm-o\"><div class=\"x-text x-content e52834-e15 m14rm-v m14rm-w m14rm-x\"><\/div><\/div><\/div><\/div><\/div><div class=\"x-section e52834-e16 m14rm-0 m14rm-2 m14rm-3\"><div class=\"x-row x-container max width e52834-e17 m14rm-5 m14rm-6 m14rm-b m14rm-f\"><div class=\"x-row-inner\"><div class=\"x-col e52834-e18 m14rm-o\"><div id=\"media\" class=\"x-text x-content e52834-e19 m14rm-v m14rm-w m14rm-y m14rm-z\"><h3>MEDIA<\/h3><\/div><div class=\"x-row e52834-e20 m14rm-5 m14rm-7 m14rm-b m14rm-g\"><div class=\"x-row-inner\"><div class=\"x-col e52834-e21 m14rm-o\"><div class=\"x-text x-content e52834-e22 m14rm-v m14rm-w m14rm-y\"><h4>DISKO JA KUOLEMA<\/h4><\/div><div class=\"x-text x-content e52834-e23 m14rm-v m14rm-y m14rm-10\"><a href=\"https:\/\/uusimaailma.org\/wp-uusi\/wp-content\/uploads\/2024\/10\/Tiedote_Company-Uusi-Maailma_DISKO-JA-KUOLEMA_300924.pdf\">Mediatiedote 30.9.2024<\/a><\/div><div class=\"x-row e52834-e24 m14rm-5 m14rm-8 m14rm-9 m14rm-b m14rm-h\"><div class=\"x-row-inner\"><div class=\"x-col e52834-e25 m14rm-o\"><a class=\"x-image e52834-e26 m14rm-p m14rm-r m14rm-s m14rm-t\" href=\"https:\/\/uusimaailma.org\/wp-uusi\/wp-content\/uploads\/2024\/10\/Company-Uusi-Maailma_DISKO-JA-KUOLEMA_Photo-Nelli-Kiviluoma-3-scaled.jpg\" target=\"_blank\"><img decoding=\"async\" src=\"https:\/\/uusimaailma.org\/wp-uusi\/wp-content\/uploads\/2024\/10\/Company-Uusi-Maailma_DISKO-JA-KUOLEMA_Photo-Nelli-Kiviluoma-3-scaled.jpg\" width=\"1280\" height=\"851\" alt=\"Image\" loading=\"lazy\"><\/a><a class=\"x-image e52834-e27 m14rm-p m14rm-s m14rm-u\" href=\"https:\/\/uusimaailma.org\/wp-uusi\/wp-content\/uploads\/2024\/10\/Company-Uusi-Maailma_DISKO-JA-KUOLEMA_Photo-Olli-Pekka-Tennila_Performer-Saga-Elgland_oikea-scaled.jpg\" target=\"_blank\"><img decoding=\"async\" src=\"https:\/\/uusimaailma.org\/wp-uusi\/wp-content\/uploads\/2024\/10\/Company-Uusi-Maailma_DISKO-JA-KUOLEMA_Photo-Olli-Pekka-Tennila_Performer-Saga-Elgland_oikea-scaled.jpg\" width=\"1280\" height=\"960\" alt=\"Image\" loading=\"lazy\"><\/a><\/div><\/div><\/div><\/div><\/div><\/div><div class=\"x-row e52834-e28 m14rm-5 m14rm-7 m14rm-b m14rm-i\"><div class=\"x-row-inner\"><div class=\"x-col e52834-e29 m14rm-o\"><div class=\"x-text x-content e52834-e30 m14rm-v m14rm-w m14rm-y\"><h4>HOLE<\/h4><\/div><div class=\"x-text x-content e52834-e31 m14rm-v m14rm-y m14rm-10\"><a href=\"https:\/\/uusimaailma.org\/wp-uusi\/wp-content\/uploads\/2023\/03\/HOLE-Tietote-24.11.2022.pdf\">Mediatiedote 24.11.2022<\/a> <br><\/br>\n<a href=\"https:\/\/uusimaailma.org\/wp-uusi\/wp-content\/uploads\/2023\/11\/TIEDOTE_HOLE_2.pdf\">Mediatiedote 13.11.2023<\/a><\/div><div class=\"x-row e52834-e32 m14rm-5 m14rm-8 m14rm-9 m14rm-b m14rm-j\"><div class=\"x-row-inner\"><div class=\"x-col e52834-e33 m14rm-o\"><a class=\"x-image e52834-e34 m14rm-p m14rm-r m14rm-s m14rm-t\" href=\"https:\/\/uusimaailma.org\/wp-uusi\/wp-content\/uploads\/2023\/11\/HURSTI_Hole_sarja_kaikista-19-copy-scaled.jpg\" target=\"_blank\"><img decoding=\"async\" src=\"https:\/\/uusimaailma.org\/wp-uusi\/wp-content\/uploads\/2023\/11\/HURSTI_Hole_sarja_kaikista-19-copy-scaled.jpg\" width=\"1280\" height=\"853\" alt=\"Kuvaaja, photographer: Olli-Pekka Tennil\u00e4\" loading=\"lazy\"><\/a><a class=\"x-image e52834-e35 m14rm-p m14rm-s m14rm-u\" href=\"https:\/\/uusimaailma.org\/wp-uusi\/wp-content\/uploads\/2023\/11\/HOLE_nettikuva-copy.jpg\" target=\"_blank\"><img decoding=\"async\" src=\"https:\/\/uusimaailma.org\/wp-uusi\/wp-content\/uploads\/2023\/11\/HOLE_nettikuva-copy.jpg\" width=\"570\" height=\"320\" alt=\"Image\" loading=\"lazy\"><\/a><\/div><\/div><\/div><\/div><\/div><\/div><div class=\"x-row e52834-e36 m14rm-5 m14rm-7 m14rm-b m14rm-k\"><div class=\"x-row-inner\"><div class=\"x-col e52834-e37 m14rm-o\"><div class=\"x-text x-content e52834-e38 m14rm-v m14rm-w m14rm-y\"><h4><br \/>\nSUO<\/h4><\/div><div class=\"x-text x-content e52834-e39 m14rm-v m14rm-w m14rm-y\"><a href=\"https:\/\/uusimaailma.org\/wp-uusi\/wp-content\/uploads\/2022\/08\/Company-Uusi-Maailma_mediatiedote_100822_Suo-Soikoon.pdf\">Mediatiedote 10.8.2022<\/a><\/div><div class=\"x-row e52834-e40 m14rm-5 m14rm-9 m14rm-a m14rm-b m14rm-l\"><div class=\"x-row-inner\"><div class=\"x-col e52834-e41 m14rm-o\"><a class=\"x-image e52834-e42 m14rm-p m14rm-r m14rm-s\" href=\"https:\/\/uusimaailma.org\/wp-uusi\/wp-content\/uploads\/2023\/03\/SUO_2023_Elgland-Rosliina_3-scaled.jpg\" target=\"_blank\"><img decoding=\"async\" src=\"https:\/\/uusimaailma.org\/wp-uusi\/wp-content\/uploads\/2023\/03\/SUO_2023_Elgland-Rosliina_3-scaled.jpg\" width=\"1280\" height=\"853\" alt=\"Image\" loading=\"lazy\"><\/a><a class=\"x-image e52834-e43 m14rm-p m14rm-s m14rm-u\" href=\"https:\/\/uusimaailma.org\/wp-uusi\/wp-content\/uploads\/2023\/03\/SUO_2023_Elgland-Rosaliina_2-scaled.jpg\" target=\"_blank\"><img decoding=\"async\" src=\"https:\/\/uusimaailma.org\/wp-uusi\/wp-content\/uploads\/2023\/03\/SUO_2023_Elgland-Rosaliina_2-scaled.jpg\" width=\"1280\" height=\"853\" alt=\"Image\" loading=\"lazy\"><\/a><\/div><\/div><\/div><\/div><\/div><\/div><div class=\"x-row e52834-e44 m14rm-5 m14rm-7 m14rm-b m14rm-m\"><div class=\"x-row-inner\"><div class=\"x-col e52834-e45 m14rm-o\"><div class=\"x-text x-content e52834-e46 m14rm-v m14rm-w m14rm-y\"><h4><br \/>CUMIVERSITY<\/h4><\/div><div class=\"x-text x-content e52834-e47 m14rm-v m14rm-w m14rm-y\"><a href=\"https:\/\/uusimaailma.org\/wp-uusi\/wp-content\/uploads\/2022\/05\/Company-Uusi-Maailma_Cumiversity_MEDIATIEDOTE_280422.pdf\">Mediatiedote 28.4.2022<\/a><\/div><div class=\"x-row e52834-e48 m14rm-5 m14rm-9 m14rm-a m14rm-b m14rm-n\"><div class=\"x-row-inner\"><div class=\"x-col e52834-e49 m14rm-o\"><a class=\"x-image e52834-e50 m14rm-p m14rm-r m14rm-s\" href=\"https:\/\/uusimaailma.org\/wp-uusi\/wp-content\/uploads\/2023\/03\/Cumiversity_c_Elgland_Rosaliina-3.jpg\" target=\"_blank\"><img decoding=\"async\" src=\"https:\/\/uusimaailma.org\/wp-uusi\/wp-content\/uploads\/2023\/03\/Cumiversity_c_Elgland_Rosaliina-3.jpg\" width=\"1050\" height=\"750\" alt=\"Image\" loading=\"lazy\"><\/a><a class=\"x-image e52834-e51 m14rm-p m14rm-s m14rm-u\" href=\"https:\/\/uusimaailma.org\/wp-uusi\/wp-content\/uploads\/2023\/03\/Cumiversity_c_Elgland_Rosaliina-2.jpg\" target=\"_blank\"><img decoding=\"async\" src=\"https:\/\/uusimaailma.org\/wp-uusi\/wp-content\/uploads\/2023\/03\/Cumiversity_c_Elgland_Rosaliina-2.jpg\" width=\"1050\" height=\"750\" alt=\"Image\" loading=\"lazy\"><\/a><\/div><\/div><\/div><\/div><\/div><\/div><\/div><\/div><\/div><\/div><\/div>\n","protected":false},"excerpt":{"rendered":"<p>HENKIL&Ouml;KUNTA TAITEELLINEN JOHTAJA Seija Hakkarainenseija@uusimaailma.org+358 50 562 0476 TIEDOTTAJA company@uusimaailma.org TALOUDENHOITAJA Eero Virtaneneero@uusimaailma.orgHallitus 2023 Puheenjohtaja: Seija Hakkarainen J\u00e4senet: Juha Kuuraj\u00e4rvi Eero Virtanen Riikka Heiskanen Tue ryhm\u00e4n toimintaa liittym\u00e4ll\u00e4 j\u00e4seneksi! J\u00e4senmaksu on 25 \u20ac ty\u00f6ss\u00e4k\u00e4yville ja 15 \u20ac opiskelijoille, el\u00e4kel\u00e4isille, ty\u00f6tt\u00f6mille, varushenkil\u00f6ille sek\u00e4 siviilipalvelushenkil\u00f6ille. Voit tukea toimintaamme my\u00f6s liittym\u00e4ll\u00e4 kannatusj\u00e4seneksi, jolloin j\u00e4senmaksun suuruus on 50 \u20ac. J\u00e4seneksi liityt maksamalla j\u00e4senmaksun tilille &#8230;<\/p>\n","protected":false},"author":3,"featured_media":0,"parent":0,"menu_order":0,"comment_status":"closed","ping_status":"closed","template":"","meta":{"_acf_changed":false,"footnotes":""},"class_list":["post-52834","page","type-page","status-publish","hentry","no-post-thumbnail"],"acf":[],"_links":{"self":[{"href":"https:\/\/uusimaailma.org\/wp-uusi\/wp-json\/wp\/v2\/pages\/52834","targetHints":{"allow":["GET"]}}],"collection":[{"href":"https:\/\/uusimaailma.org\/wp-uusi\/wp-json\/wp\/v2\/pages"}],"about":[{"href":"https:\/\/uusimaailma.org\/wp-uusi\/wp-json\/wp\/v2\/types\/page"}],"author":[{"embeddable":true,"href":"https:\/\/uusimaailma.org\/wp-uusi\/wp-json\/wp\/v2\/users\/3"}],"replies":[{"embeddable":true,"href":"https:\/\/uusimaailma.org\/wp-uusi\/wp-json\/wp\/v2\/comments?post=52834"}],"version-history":[{"count":33,"href":"https:\/\/uusimaailma.org\/wp-uusi\/wp-json\/wp\/v2\/pages\/52834\/revisions"}],"predecessor-version":[{"id":62798,"href":"https:\/\/uusimaailma.org\/wp-uusi\/wp-json\/wp\/v2\/pages\/52834\/revisions\/62798"}],"wp:attachment":[{"href":"https:\/\/uusimaailma.org\/wp-uusi\/wp-json\/wp\/v2\/media?parent=52834"}],"curies":[{"name":"wp","href":"https:\/\/api.w.org\/{rel}","templated":true}]}}