{"id":52832,"date":"2023-01-28T13:37:33","date_gmt":"2023-01-28T13:37:33","guid":{"rendered":"https:\/\/c5yix6et.c5.suncomet.fi\/wp-uusi\/?page_id=52832"},"modified":"2023-12-11T21:33:14","modified_gmt":"2023-12-11T19:33:14","slug":"kalenteri","status":"publish","type":"page","link":"https:\/\/uusimaailma.org\/wp-uusi\/kalenteri\/","title":{"rendered":"Kalenteri"},"content":{"rendered":"<div id=\"cs-content\" class=\"cs-content\"><\/div>\n","protected":false},"excerpt":{"rendered":"<p>AIKATEOSESITYSPAIKKAPAIKKAKUNTA13.10.2024DISKO JA KUOLEMAVilla RanaJyv\u00e4skyl\u00e412.10.2024DISKO JA KUOLEMAVilla RanaJyv\u00e4skyl\u00e411.10.2024DISKO JA KUOLEMAVilla RanaJyv\u00e4skyl\u00e417.12.2023HOLECirkoHelsinki16.12.2023HOLECirkoHelsinki15.12.2023HOLECirkoHelsinki14.12.2023HOLECirkoHelsinki13.12.2023HOLECirkoHelsinki29.11.2023HOLECirkoHelsinki28.11.2023HOLECirkoHelsinki26.11.2023HOLECirkoHelsinki25.11.2023HOLECirkoHelsinki24.11.2023HOLECirkoHelsinki22.11.2023HOLECirkoHelsinki21.11.2023HOLECirkoHelsinki25.08.2023SANATTOMAT HAHMOTSuo Soikoon!- festivaaliKarvia28.05.2023CUMIVERSITYAallon lukusali, Jyv\u00e4skyl\u00e4n YliopistoJyv\u00e4skyl\u00e43.08.2022NELJ\u00c4 PIENTEOSTASuo Soikoon!- festivaaliKarvia2.08.2022NELJ\u00c4 PIENTEOSTASuo soikoon! -festivaaliKarvia21.05.2022CUMIVERSITYJyv\u00e4skyl\u00e4n YliopistoJyv\u00e4skyl\u00e425.09.2021KYTKINKytkinlaitosJyv\u00e4skyl\u00e424.09.2021KYTKINKytkinlaitosJyv\u00e4skyl\u00e423.09.2021KYTKINKytkinlaitosJyv\u00e4skyl\u00e428.08.2021SUODERVISSIT JA SUOSTALAULAJATSuo Soikoon! -festivaaliKarvia27.08.2021SUODERVISSIT JA SUOSTALAULAJATSuo Soikoon! -festivaaliKarvia10.05.2021HAZMAT HOLE128-FESTIVAALI, Galleria HoppaJyv\u00e4skyl\u00e48.05.2021HAZMAT HOLE128-FESTIVAALI, Galleria HoppaJyv\u00e4skyl\u00e47.05.2021HAZMAT HOLE128-FESTIVAALI, Galleria HoppaJyv\u00e4skyl\u00e42.05.2021HAZMAT HOLE128-FESTIVAALI, Galleria HoppaJyv\u00e4skyl\u00e426.04.2021HAZMAT HOLE128-FESTIVAALI, Galleria HoppaJyv\u00e4skyl\u00e425.04.2021HAZMAT HOLE128-FESTIVAALI, Galleria HoppaJyv\u00e4skyl\u00e424.04.2021HAZMAT HOLE128-FESTIVAALI, Galleria HoppaJyv\u00e4skyl\u00e417.04.2021HAZMAT HOLE128-FESTIVAALI, Galleria HoppaJyv\u00e4skyl\u00e411.04.2021DEEP SHIT128-FESTIVAALI, Galleria HoppaJyv\u00e4skyl\u00e410.04.2021DEEP SHIT128-FESTIVAALI, Galleria &#8230;<\/p>\n","protected":false},"author":3,"featured_media":0,"parent":0,"menu_order":0,"comment_status":"closed","ping_status":"closed","template":"","meta":{"_acf_changed":false,"footnotes":""},"class_list":["post-52832","page","type-page","status-publish","hentry","no-post-thumbnail"],"acf":[],"_links":{"self":[{"href":"https:\/\/uusimaailma.org\/wp-uusi\/wp-json\/wp\/v2\/pages\/52832","targetHints":{"allow":["GET"]}}],"collection":[{"href":"https:\/\/uusimaailma.org\/wp-uusi\/wp-json\/wp\/v2\/pages"}],"about":[{"href":"https:\/\/uusimaailma.org\/wp-uusi\/wp-json\/wp\/v2\/types\/page"}],"author":[{"embeddable":true,"href":"https:\/\/uusimaailma.org\/wp-uusi\/wp-json\/wp\/v2\/users\/3"}],"replies":[{"embeddable":true,"href":"https:\/\/uusimaailma.org\/wp-uusi\/wp-json\/wp\/v2\/comments?post=52832"}],"version-history":[{"count":23,"href":"https:\/\/uusimaailma.org\/wp-uusi\/wp-json\/wp\/v2\/pages\/52832\/revisions"}],"predecessor-version":[{"id":62707,"href":"https:\/\/uusimaailma.org\/wp-uusi\/wp-json\/wp\/v2\/pages\/52832\/revisions\/62707"}],"wp:attachment":[{"href":"https:\/\/uusimaailma.org\/wp-uusi\/wp-json\/wp\/v2\/media?parent=52832"}],"curies":[{"name":"wp","href":"https:\/\/api.w.org\/{rel}","templated":true}]}}