{"id":52830,"date":"2023-01-28T13:37:17","date_gmt":"2023-01-28T13:37:17","guid":{"rendered":"https:\/\/c5yix6et.c5.suncomet.fi\/wp-uusi\/?page_id=52830"},"modified":"2023-05-15T17:26:19","modified_gmt":"2023-05-15T14:26:19","slug":"uutiset","status":"publish","type":"page","link":"https:\/\/uusimaailma.org\/wp-uusi\/uutiset\/","title":{"rendered":"Uutiset"},"content":{"rendered":"<div id=\"cs-content\" class=\"cs-content\"><\/div>\n","protected":false},"excerpt":{"rendered":"<p>Company Uusi Maailman varastomyynti vol. 3Aika: MA 18.8 ja TI 19.8. klo 16-19 Paikka: Company Uusi Maailman\u2026Company Uusi Maailman varastomyynti vol. 2Aika: TI 22.7. klo 16-19 &amp; KE 23.7. klo 15-18. Paikka: Company\u2026Company Uusi Maailman varastomyyntiAika: Yl\u00e4kaupungin Y\u00f6ss\u00e4 la 17.5.25 klo 15-20 Paikka: Jyv\u00e4skyl\u00e4n yliopiston p\u00e4\u00e4rakennuksen (C-rakennus)\u2026DISKO JA KUOLEMA -visuaalinen konsertti 11. &#8211; 13.10.2024 Kulttuuritalo Villa RanassaCompany Uusi Maailman vuoden &#8230;<\/p>\n","protected":false},"author":3,"featured_media":0,"parent":0,"menu_order":0,"comment_status":"closed","ping_status":"closed","template":"","meta":{"_acf_changed":false,"footnotes":""},"class_list":["post-52830","page","type-page","status-publish","hentry","no-post-thumbnail"],"acf":[],"_links":{"self":[{"href":"https:\/\/uusimaailma.org\/wp-uusi\/wp-json\/wp\/v2\/pages\/52830","targetHints":{"allow":["GET"]}}],"collection":[{"href":"https:\/\/uusimaailma.org\/wp-uusi\/wp-json\/wp\/v2\/pages"}],"about":[{"href":"https:\/\/uusimaailma.org\/wp-uusi\/wp-json\/wp\/v2\/types\/page"}],"author":[{"embeddable":true,"href":"https:\/\/uusimaailma.org\/wp-uusi\/wp-json\/wp\/v2\/users\/3"}],"replies":[{"embeddable":true,"href":"https:\/\/uusimaailma.org\/wp-uusi\/wp-json\/wp\/v2\/comments?post=52830"}],"version-history":[{"count":6,"href":"https:\/\/uusimaailma.org\/wp-uusi\/wp-json\/wp\/v2\/pages\/52830\/revisions"}],"predecessor-version":[{"id":61855,"href":"https:\/\/uusimaailma.org\/wp-uusi\/wp-json\/wp\/v2\/pages\/52830\/revisions\/61855"}],"wp:attachment":[{"href":"https:\/\/uusimaailma.org\/wp-uusi\/wp-json\/wp\/v2\/media?parent=52830"}],"curies":[{"name":"wp","href":"https:\/\/api.w.org\/{rel}","templated":true}]}}