{"id":52826,"date":"2023-01-28T13:36:23","date_gmt":"2023-01-28T13:36:23","guid":{"rendered":"https:\/\/c5yix6et.c5.suncomet.fi\/wp-uusi\/?page_id=52826"},"modified":"2023-08-18T12:22:30","modified_gmt":"2023-08-18T09:22:30","slug":"ryhma","status":"publish","type":"page","link":"https:\/\/uusimaailma.org\/wp-uusi\/ryhma\/","title":{"rendered":"Ryhm\u00e4"},"content":{"rendered":"<div id=\"cs-content\" class=\"cs-content\"><\/div>\n","protected":false},"excerpt":{"rendered":"<p>COMPANY UUSI MAAILMA Company Uusi Maailma on oma planeettansa esitt\u00e4vien taiteiden avaruudessa. Ryhm\u00e4n moottorina on sen tekij\u00f6iden poikkitaiteellinen eri genrejen fuusioita kaihtamaton sek\u00e4 niit\u00e4 hyv\u00e4ksik\u00e4ytt\u00e4v\u00e4 monimuotoisuus, joka on otettavissa vastaan katsojaa vaalivana kokemuksena niin vaativalle katsojalle kuin kulttuurin uteliaalle kokijalle. Kun osaa ymm\u00e4rt\u00e4\u00e4 laittaa j\u00e4rjen sivuun, on kokemus voimakas, l\u00e4mmin ja l\u00e4htem\u00e4t\u00f6n. Company Uusi Maailma on keskisuomalainen monitaiteista esitt\u00e4v\u00e4\u00e4 taidetta &#8230;<\/p>\n","protected":false},"author":3,"featured_media":0,"parent":0,"menu_order":0,"comment_status":"closed","ping_status":"closed","template":"","meta":{"_acf_changed":false,"footnotes":""},"class_list":["post-52826","page","type-page","status-publish","hentry","no-post-thumbnail"],"acf":[],"_links":{"self":[{"href":"https:\/\/uusimaailma.org\/wp-uusi\/wp-json\/wp\/v2\/pages\/52826","targetHints":{"allow":["GET"]}}],"collection":[{"href":"https:\/\/uusimaailma.org\/wp-uusi\/wp-json\/wp\/v2\/pages"}],"about":[{"href":"https:\/\/uusimaailma.org\/wp-uusi\/wp-json\/wp\/v2\/types\/page"}],"author":[{"embeddable":true,"href":"https:\/\/uusimaailma.org\/wp-uusi\/wp-json\/wp\/v2\/users\/3"}],"replies":[{"embeddable":true,"href":"https:\/\/uusimaailma.org\/wp-uusi\/wp-json\/wp\/v2\/comments?post=52826"}],"version-history":[{"count":8,"href":"https:\/\/uusimaailma.org\/wp-uusi\/wp-json\/wp\/v2\/pages\/52826\/revisions"}],"predecessor-version":[{"id":62537,"href":"https:\/\/uusimaailma.org\/wp-uusi\/wp-json\/wp\/v2\/pages\/52826\/revisions\/62537"}],"wp:attachment":[{"href":"https:\/\/uusimaailma.org\/wp-uusi\/wp-json\/wp\/v2\/media?parent=52826"}],"curies":[{"name":"wp","href":"https:\/\/api.w.org\/{rel}","templated":true}]}}